{"id":695,"date":"2023-05-19T08:39:43","date_gmt":"2023-05-19T08:39:43","guid":{"rendered":"https:\/\/www.drivetoimprove.com\/home\/"},"modified":"2024-09-24T13:41:43","modified_gmt":"2024-09-24T13:41:43","slug":"home","status":"publish","type":"page","link":"https:\/\/www.drivetoimprove.com\/es\/","title":{"rendered":"Home ES"},"content":{"rendered":"<section class=\"blq-main-banner\">\n    <div class=\"bx-content-img\">\n        <img decoding=\"async\" class=\"bg reveal_fadein\" src=\"https:\/\/www.drivetoimprove.com\/wp-content\/uploads\/2023\/08\/pexels-fauxels-3183150-1-1.svg\" alt=\"\" \/>\n        <div class=\"container-fluid\">\n            <div class=\"content\">\n                <h1>Potenciando el <strong class=\"btn-with-circle\">trabajo<\/strong> en las organizaciones<\/h1>\n<p>&nbsp;<\/p>\n            <\/div>\n        <\/div>\n    <\/div>\n<\/section>\n\n<section class=\"blq-title-content-btn  \">\n        <div class=\"container-fluid cs-col-12 \" >\n        <div class=\"bx-subtitle\">\n            <span class=\"subtitle\">What we do<\/span>\n        <\/div>\n        <div class=\"bx-content\n                    font-weight600                    \">\n                                                                        <div class=\"title\">Resolvemos los desaf\u00edos organizacionales de tu empresa<\/div>\n                                                            <div class=\"content\">\n                <p>Preferimos soluciones pragm\u00e1ticas porque cada empresa es \u00fanica y no hay una soluci\u00f3n universal que funcione en todos los \u00e1mbitos.<\/p>\n                            <\/div>\n                            <div class=\"bx-btn\">\n                    <a class=\"btn-with-circle\" href=\"https:\/\/www.drivetoimprove.com\/es\/que-hacemos\/\" class=\" small\">\n                        Mira c\u00f3mo lo hacemos                    <\/a>\n                <\/div>\n                    <\/div>\n    <\/div>\n<\/section>\n\n<section class=\"blq-bg-image-titles-btn\">\n    <div class=\"container-fluid\">\n        <div class=\"custom-inner\">\n            <img decoding=\"async\" class=\"bg reveal_fadein\" src=\"https:\/\/www.drivetoimprove.com\/wp-content\/uploads\/2024\/03\/banner-home-3.svg\" alt=\"\" \/>\n            <div class=\"txts\">\n                <div class=\"subtitle\">Who We Are<\/div>\n                <h1 class=\"title\">Preferimos soluciones pragm\u00e1ticas porque cada organizaci\u00f3n es \u00fanica y no existe una soluci\u00f3n universal.<\/h1>\n                <div class=\"bx-btn\">\n                    <a href=\"https:\/\/www.drivetoimprove.com\/es\/quienes-somos\/\" class=\"btn-with-circle\">\n                        Conoce al equipo                    <\/a>\n                <\/div>\n            <\/div>\n        <\/div>\n    <\/div>\n<\/section>\n\n<section class=\"blq-title-content-btn  \">\n        <div class=\"container-fluid cs-col-12 \" >\n        <div class=\"bx-subtitle\">\n            <span class=\"subtitle\">Journal<\/span>\n        <\/div>\n        <div class=\"bx-content\n                    font-weight600                    \">\n                                                                        <div class=\"title\">Art\u00edculos, videos, podcasts, y herramientas que esperamos que sean de utilidad.<\/div>\n                                                            <div class=\"content\">\n                                            <\/div>\n                            <div class=\"bx-btn\">\n                    <a class=\"btn-with-circle\" href=\"https:\/\/www.drivetoimprove.com\/es\/journal\/\" class=\" small\">\n                        Ver los art\u00edculos, videos y podcasts.                    <\/a>\n                <\/div>\n                    <\/div>\n    <\/div>\n<\/section>\n\n<section class=\"blq-last-posts\">\n        <div class=\"container-fluid horizontal-drag\">\n                    <div class=\"list\">\n                                    <div class=\"card\">\n                        <div class=\"card-hover\">\n                            <a href=\"https:\/\/www.drivetoimprove.com\/es\/video-gestion-del-cambio-de-forma-organica-y-cocreado\/\" rel=\"bookmark\">\n                                <figure class=\"\">\n                                    <img loading=\"lazy\" width=\"668\" height=\"501\" src=\"https:\/\/www.drivetoimprove.com\/wp-content\/uploads\/2023\/10\/pexels-nataliya-vaitkevich-6120219-1.svg\" class=\"attachment-post-medium size-post-medium wp-post-image\" alt=\"\" decoding=\"async\" \/>                                <\/figure>\n                            <\/a>\n                            <div class=\"bx-title-tags\">\n                                <div class=\"categories\">\n                                                                                                                <ul>\n                                                                                            <li>\n                                                    V\u00eddeos                                                <\/li>\n                                                                                    <\/ul>\n                                                                    <\/div>\n                                                                                                    <div class=\"tags text-truncate\">\n                                                                                    <span>Cambio<\/span>\n                                                                                    <span>Herramientas<\/span>\n                                                                                    <span>Management<\/span>\n                                                                            <\/div>\n                                                            <\/div>\n                            <h3 class=\"\"><a href=\"https:\/\/www.drivetoimprove.com\/es\/video-gestion-del-cambio-de-forma-organica-y-cocreado\/\" rel=\"bookmark\">Video sobre gestionar el cambio de forma org\u00e1nica y cocreado<\/a><\/h3>\n                        <\/div>\n                    <\/div>\n                                    <div class=\"card\">\n                        <div class=\"card-hover\">\n                            <a href=\"https:\/\/www.drivetoimprove.com\/es\/como-realizar-reuniones-one-to-one-como-manager\/\" rel=\"bookmark\">\n                                <figure class=\"\">\n                                    <img loading=\"lazy\" width=\"668\" height=\"501\" src=\"https:\/\/www.drivetoimprove.com\/wp-content\/uploads\/2023\/08\/pexels-alex-green-5699474-copia-1.svg\" class=\"attachment-post-medium size-post-medium wp-post-image\" alt=\"\" decoding=\"async\" \/>                                <\/figure>\n                            <\/a>\n                            <div class=\"bx-title-tags\">\n                                <div class=\"categories\">\n                                                                                                                <ul>\n                                                                                            <li>\n                                                    Herramientas y pr\u00e1cticas                                                <\/li>\n                                                                                    <\/ul>\n                                                                    <\/div>\n                                                                                                    <div class=\"tags text-truncate\">\n                                                                                    <span>Aprendizaje<\/span>\n                                                                                    <span>Equipo<\/span>\n                                                                                    <span>Herramientas<\/span>\n                                                                                    <span>Management<\/span>\n                                                                            <\/div>\n                                                            <\/div>\n                            <h3 class=\"\"><a href=\"https:\/\/www.drivetoimprove.com\/es\/como-realizar-reuniones-one-to-one-como-manager\/\" rel=\"bookmark\">C\u00f3mo realizar reuniones one to one como manager<\/a><\/h3>\n                        <\/div>\n                    <\/div>\n                                    <div class=\"card\">\n                        <div class=\"card-hover\">\n                            <a href=\"https:\/\/www.drivetoimprove.com\/es\/scrum-master-como-manager\/\" rel=\"bookmark\">\n                                <figure class=\"\">\n                                    <img loading=\"lazy\" width=\"668\" height=\"900\" src=\"https:\/\/www.drivetoimprove.com\/wp-content\/uploads\/2023\/05\/pexels-lucas-pezeta-3081415-svg-1.svg\" class=\"attachment-post-medium size-post-medium wp-post-image\" alt=\"\" decoding=\"async\" \/>                                <\/figure>\n                            <\/a>\n                            <div class=\"bx-title-tags\">\n                                <div class=\"categories\">\n                                                                                                                <ul>\n                                                                                            <li>\n                                                    Posts                                                <\/li>\n                                                                                    <\/ul>\n                                                                    <\/div>\n                                                                                                    <div class=\"tags text-truncate\">\n                                                                                    <span>Management<\/span>\n                                                                                    <span>Personas<\/span>\n                                                                                    <span>Scrum<\/span>\n                                                                            <\/div>\n                                                            <\/div>\n                            <h3 class=\"\"><a href=\"https:\/\/www.drivetoimprove.com\/es\/scrum-master-como-manager\/\" rel=\"bookmark\">Scrum Master como Manager<\/a><\/h3>\n                        <\/div>\n                    <\/div>\n                            <\/div>\n            <\/div>\n<\/section>","protected":false},"excerpt":{"rendered":"","protected":false},"author":1,"featured_media":0,"parent":0,"menu_order":0,"comment_status":"closed","ping_status":"closed","template":"page-full-width.php","meta":{"footnotes":""},"acf":[],"yoast_head":"<!-- This site is optimized with the Yoast SEO plugin v21.3 - https:\/\/yoast.com\/wordpress\/plugins\/seo\/ -->\n<title>Home ES - DriveToImprove<\/title>\n<meta name=\"description\" content=\"Empoderando a las organizaciones con nuevas formas de trabajar. Solucionamos retos organizativos implementando nuevas formas de trabajo efectivas y \u00e1giles, desde la estrategia hasta la ejecuci\u00f3n\" \/>\n<meta name=\"robots\" content=\"index, follow, max-snippet:-1, max-image-preview:large, max-video-preview:-1\" \/>\n<link rel=\"canonical\" href=\"https:\/\/www.drivetoimprove.com\/es\/\" \/>\n<meta property=\"og:locale\" content=\"es_ES\" \/>\n<meta property=\"og:type\" content=\"article\" \/>\n<meta property=\"og:title\" content=\"Home ES - DriveToImprove\" \/>\n<meta property=\"og:description\" content=\"Empoderando a las organizaciones con nuevas formas de trabajar. Solucionamos retos organizativos implementando nuevas formas de trabajo efectivas y \u00e1giles, desde la estrategia hasta la ejecuci\u00f3n\" \/>\n<meta property=\"og:url\" content=\"https:\/\/www.drivetoimprove.com\/es\/\" \/>\n<meta property=\"og:site_name\" content=\"DriveToImprove\" \/>\n<meta property=\"article:modified_time\" content=\"2024-09-24T13:41:43+00:00\" \/>\n<meta name=\"twitter:card\" content=\"summary_large_image\" \/>\n<script type=\"application\/ld+json\" class=\"yoast-schema-graph\">{\"@context\":\"https:\/\/schema.org\",\"@graph\":[{\"@type\":\"WebPage\",\"@id\":\"https:\/\/www.drivetoimprove.com\/es\/\",\"url\":\"https:\/\/www.drivetoimprove.com\/es\/\",\"name\":\"Home ES - DriveToImprove\",\"isPartOf\":{\"@id\":\"https:\/\/www.drivetoimprove.com\/es\/#website\"},\"datePublished\":\"2023-05-19T08:39:43+00:00\",\"dateModified\":\"2024-09-24T13:41:43+00:00\",\"description\":\"Empoderando a las organizaciones con nuevas formas de trabajar. Solucionamos retos organizativos implementando nuevas formas de trabajo efectivas y \u00e1giles, desde la estrategia hasta la ejecuci\u00f3n\",\"breadcrumb\":{\"@id\":\"https:\/\/www.drivetoimprove.com\/es\/#breadcrumb\"},\"inLanguage\":\"es\",\"potentialAction\":[{\"@type\":\"ReadAction\",\"target\":[\"https:\/\/www.drivetoimprove.com\/es\/\"]}]},{\"@type\":\"BreadcrumbList\",\"@id\":\"https:\/\/www.drivetoimprove.com\/es\/#breadcrumb\",\"itemListElement\":[{\"@type\":\"ListItem\",\"position\":1,\"name\":\"Home\",\"item\":\"https:\/\/www.drivetoimprove.com\/es\/home\/\"},{\"@type\":\"ListItem\",\"position\":2,\"name\":\"Home ES\"}]},{\"@type\":\"WebSite\",\"@id\":\"https:\/\/www.drivetoimprove.com\/es\/#website\",\"url\":\"https:\/\/www.drivetoimprove.com\/es\/\",\"name\":\"DriveToImprove\",\"description\":\"\",\"potentialAction\":[{\"@type\":\"SearchAction\",\"target\":{\"@type\":\"EntryPoint\",\"urlTemplate\":\"https:\/\/www.drivetoimprove.com\/es\/?s={search_term_string}\"},\"query-input\":\"required name=search_term_string\"}],\"inLanguage\":\"es\"}]}<\/script>\n<!-- \/ Yoast SEO plugin. -->","yoast_head_json":{"title":"Home ES - DriveToImprove","description":"Empoderando a las organizaciones con nuevas formas de trabajar. Solucionamos retos organizativos implementando nuevas formas de trabajo efectivas y \u00e1giles, desde la estrategia hasta la ejecuci\u00f3n","robots":{"index":"index","follow":"follow","max-snippet":"max-snippet:-1","max-image-preview":"max-image-preview:large","max-video-preview":"max-video-preview:-1"},"canonical":"https:\/\/www.drivetoimprove.com\/es\/","og_locale":"es_ES","og_type":"article","og_title":"Home ES - DriveToImprove","og_description":"Empoderando a las organizaciones con nuevas formas de trabajar. Solucionamos retos organizativos implementando nuevas formas de trabajo efectivas y \u00e1giles, desde la estrategia hasta la ejecuci\u00f3n","og_url":"https:\/\/www.drivetoimprove.com\/es\/","og_site_name":"DriveToImprove","article_modified_time":"2024-09-24T13:41:43+00:00","twitter_card":"summary_large_image","schema":{"@context":"https:\/\/schema.org","@graph":[{"@type":"WebPage","@id":"https:\/\/www.drivetoimprove.com\/es\/","url":"https:\/\/www.drivetoimprove.com\/es\/","name":"Home ES - DriveToImprove","isPartOf":{"@id":"https:\/\/www.drivetoimprove.com\/es\/#website"},"datePublished":"2023-05-19T08:39:43+00:00","dateModified":"2024-09-24T13:41:43+00:00","description":"Empoderando a las organizaciones con nuevas formas de trabajar. Solucionamos retos organizativos implementando nuevas formas de trabajo efectivas y \u00e1giles, desde la estrategia hasta la ejecuci\u00f3n","breadcrumb":{"@id":"https:\/\/www.drivetoimprove.com\/es\/#breadcrumb"},"inLanguage":"es","potentialAction":[{"@type":"ReadAction","target":["https:\/\/www.drivetoimprove.com\/es\/"]}]},{"@type":"BreadcrumbList","@id":"https:\/\/www.drivetoimprove.com\/es\/#breadcrumb","itemListElement":[{"@type":"ListItem","position":1,"name":"Home","item":"https:\/\/www.drivetoimprove.com\/es\/home\/"},{"@type":"ListItem","position":2,"name":"Home ES"}]},{"@type":"WebSite","@id":"https:\/\/www.drivetoimprove.com\/es\/#website","url":"https:\/\/www.drivetoimprove.com\/es\/","name":"DriveToImprove","description":"","potentialAction":[{"@type":"SearchAction","target":{"@type":"EntryPoint","urlTemplate":"https:\/\/www.drivetoimprove.com\/es\/?s={search_term_string}"},"query-input":"required name=search_term_string"}],"inLanguage":"es"}]}},"_links":{"self":[{"href":"https:\/\/www.drivetoimprove.com\/es\/wp-json\/wp\/v2\/pages\/695"}],"collection":[{"href":"https:\/\/www.drivetoimprove.com\/es\/wp-json\/wp\/v2\/pages"}],"about":[{"href":"https:\/\/www.drivetoimprove.com\/es\/wp-json\/wp\/v2\/types\/page"}],"author":[{"embeddable":true,"href":"https:\/\/www.drivetoimprove.com\/es\/wp-json\/wp\/v2\/users\/1"}],"replies":[{"embeddable":true,"href":"https:\/\/www.drivetoimprove.com\/es\/wp-json\/wp\/v2\/comments?post=695"}],"version-history":[{"count":27,"href":"https:\/\/www.drivetoimprove.com\/es\/wp-json\/wp\/v2\/pages\/695\/revisions"}],"predecessor-version":[{"id":2245,"href":"https:\/\/www.drivetoimprove.com\/es\/wp-json\/wp\/v2\/pages\/695\/revisions\/2245"}],"wp:attachment":[{"href":"https:\/\/www.drivetoimprove.com\/es\/wp-json\/wp\/v2\/media?parent=695"}],"curies":[{"name":"wp","href":"https:\/\/api.w.org\/{rel}","templated":true}]}}