{"id":830,"date":"2023-05-21T21:53:55","date_gmt":"2023-05-21T21:53:55","guid":{"rendered":"https:\/\/www.drivetoimprove.com\/contactar\/"},"modified":"2023-10-30T14:39:15","modified_gmt":"2023-10-30T14:39:15","slug":"contactar","status":"publish","type":"page","link":"https:\/\/www.drivetoimprove.com\/es\/contactar\/","title":{"rendered":"Contactar"},"content":{"rendered":"<section class=\"blq-title-content-btn blq-title-is-content not-columns reveal_fadein\">\n        <div class=\"container-fluid cs-col-10 \" >\n        <div class=\"bx-subtitle\">\n            <span class=\"subtitle\">Contactar<\/span>\n        <\/div>\n        <div class=\"bx-content\n                    font-weight600                    bx-main-title\">\n                                                <div class=\"title-page\"><h1>Si tienes una pregunta, necesitas m\u00e1s informaci\u00f3n, o quieres hablar sobre alg\u00fan proyecto, estamos <span class=\"btn-with-circle blue\">aqu\u00ed para ayudar.<\/span><\/h1>\n<\/div>\n                                        <div class=\"content\">\n                                                                                <\/div>\n                    <\/div>\n    <\/div>\n<\/section>\n\n\n<div class=\"wp-block-group is-layout-constrained wp-block-group-is-layout-constrained\"><div class=\"wp-block-group__inner-container\">\n<div class=\"wp-block-columns is-layout-flex wp-container-4 wp-block-columns-is-layout-flex\">\n<div class=\"wp-block-column is-layout-flow wp-block-column-is-layout-flow\">\n<h4 class=\"wp-block-heading\">Oficina<\/h4>\n\n\n\n<p>Barcelona<br>(Spain)<\/p>\n<\/div>\n\n\n\n<div class=\"wp-block-column is-layout-flow wp-block-column-is-layout-flow\">\n<h4 class=\"wp-block-heading\">Comenzar una conversaci\u00f3n<\/h4>\n\n\n\n<p><a href=\"mailto:info@drivetoimprove.com\">info@drivetoimprove.com<\/a><\/p>\n<\/div>\n\n\n\n<div class=\"wp-block-column is-layout-flow wp-block-column-is-layout-flow\">\n<h4 class=\"wp-block-heading\">Social<\/h4>\n\n\n\n<p><a href=\"https:\/\/www.linkedin.com\/company\/drive-to-improve\/\">LinkedIn<\/a><br><a href=\"https:\/\/www.youtube.com\/@DrivetoimproveCom\">Youtube<\/a><\/p>\n<\/div>\n<\/div>\n<\/div><\/div>\n","protected":false},"excerpt":{"rendered":"<p>Oficina Barcelona(Spain) Comenzar una conversaci\u00f3n info@drivetoimprove.com Social LinkedInYoutube<\/p>\n","protected":false},"author":1,"featured_media":0,"parent":0,"menu_order":0,"comment_status":"closed","ping_status":"closed","template":"page-full-width.php","meta":{"footnotes":""},"acf":[],"yoast_head":"<!-- This site is optimized with the Yoast SEO plugin v21.3 - https:\/\/yoast.com\/wordpress\/plugins\/seo\/ -->\n<title>Contactar - DriveToImprove<\/title>\n<meta name=\"robots\" content=\"index, follow, max-snippet:-1, max-image-preview:large, max-video-preview:-1\" \/>\n<link rel=\"canonical\" href=\"https:\/\/www.drivetoimprove.com\/es\/contactar\/\" \/>\n<meta property=\"og:locale\" content=\"es_ES\" \/>\n<meta property=\"og:type\" content=\"article\" \/>\n<meta property=\"og:title\" content=\"Contactar - DriveToImprove\" \/>\n<meta property=\"og:description\" content=\"Oficina Barcelona(Spain) Comenzar una conversaci\u00f3n info@drivetoimprove.com Social LinkedInYoutube\" \/>\n<meta property=\"og:url\" content=\"https:\/\/www.drivetoimprove.com\/es\/contactar\/\" \/>\n<meta property=\"og:site_name\" content=\"DriveToImprove\" \/>\n<meta property=\"article:modified_time\" content=\"2023-10-30T14:39:15+00:00\" \/>\n<meta name=\"twitter:card\" content=\"summary_large_image\" \/>\n<meta name=\"twitter:label1\" content=\"Tiempo de lectura\" \/>\n\t<meta name=\"twitter:data1\" content=\"1 minuto\" \/>\n<script type=\"application\/ld+json\" class=\"yoast-schema-graph\">{\"@context\":\"https:\/\/schema.org\",\"@graph\":[{\"@type\":\"WebPage\",\"@id\":\"https:\/\/www.drivetoimprove.com\/es\/contactar\/\",\"url\":\"https:\/\/www.drivetoimprove.com\/es\/contactar\/\",\"name\":\"Contactar - DriveToImprove\",\"isPartOf\":{\"@id\":\"https:\/\/www.drivetoimprove.com\/es\/#website\"},\"datePublished\":\"2023-05-21T21:53:55+00:00\",\"dateModified\":\"2023-10-30T14:39:15+00:00\",\"breadcrumb\":{\"@id\":\"https:\/\/www.drivetoimprove.com\/es\/contactar\/#breadcrumb\"},\"inLanguage\":\"es\",\"potentialAction\":[{\"@type\":\"ReadAction\",\"target\":[\"https:\/\/www.drivetoimprove.com\/es\/contactar\/\"]}]},{\"@type\":\"BreadcrumbList\",\"@id\":\"https:\/\/www.drivetoimprove.com\/es\/contactar\/#breadcrumb\",\"itemListElement\":[{\"@type\":\"ListItem\",\"position\":1,\"name\":\"Home\",\"item\":\"https:\/\/www.drivetoimprove.com\/es\/home\/\"},{\"@type\":\"ListItem\",\"position\":2,\"name\":\"Contactar\"}]},{\"@type\":\"WebSite\",\"@id\":\"https:\/\/www.drivetoimprove.com\/es\/#website\",\"url\":\"https:\/\/www.drivetoimprove.com\/es\/\",\"name\":\"DriveToImprove\",\"description\":\"\",\"potentialAction\":[{\"@type\":\"SearchAction\",\"target\":{\"@type\":\"EntryPoint\",\"urlTemplate\":\"https:\/\/www.drivetoimprove.com\/es\/?s={search_term_string}\"},\"query-input\":\"required name=search_term_string\"}],\"inLanguage\":\"es\"}]}<\/script>\n<!-- \/ Yoast SEO plugin. -->","yoast_head_json":{"title":"Contactar - DriveToImprove","robots":{"index":"index","follow":"follow","max-snippet":"max-snippet:-1","max-image-preview":"max-image-preview:large","max-video-preview":"max-video-preview:-1"},"canonical":"https:\/\/www.drivetoimprove.com\/es\/contactar\/","og_locale":"es_ES","og_type":"article","og_title":"Contactar - DriveToImprove","og_description":"Oficina Barcelona(Spain) Comenzar una conversaci\u00f3n info@drivetoimprove.com Social LinkedInYoutube","og_url":"https:\/\/www.drivetoimprove.com\/es\/contactar\/","og_site_name":"DriveToImprove","article_modified_time":"2023-10-30T14:39:15+00:00","twitter_card":"summary_large_image","twitter_misc":{"Tiempo de lectura":"1 minuto"},"schema":{"@context":"https:\/\/schema.org","@graph":[{"@type":"WebPage","@id":"https:\/\/www.drivetoimprove.com\/es\/contactar\/","url":"https:\/\/www.drivetoimprove.com\/es\/contactar\/","name":"Contactar - DriveToImprove","isPartOf":{"@id":"https:\/\/www.drivetoimprove.com\/es\/#website"},"datePublished":"2023-05-21T21:53:55+00:00","dateModified":"2023-10-30T14:39:15+00:00","breadcrumb":{"@id":"https:\/\/www.drivetoimprove.com\/es\/contactar\/#breadcrumb"},"inLanguage":"es","potentialAction":[{"@type":"ReadAction","target":["https:\/\/www.drivetoimprove.com\/es\/contactar\/"]}]},{"@type":"BreadcrumbList","@id":"https:\/\/www.drivetoimprove.com\/es\/contactar\/#breadcrumb","itemListElement":[{"@type":"ListItem","position":1,"name":"Home","item":"https:\/\/www.drivetoimprove.com\/es\/home\/"},{"@type":"ListItem","position":2,"name":"Contactar"}]},{"@type":"WebSite","@id":"https:\/\/www.drivetoimprove.com\/es\/#website","url":"https:\/\/www.drivetoimprove.com\/es\/","name":"DriveToImprove","description":"","potentialAction":[{"@type":"SearchAction","target":{"@type":"EntryPoint","urlTemplate":"https:\/\/www.drivetoimprove.com\/es\/?s={search_term_string}"},"query-input":"required name=search_term_string"}],"inLanguage":"es"}]}},"_links":{"self":[{"href":"https:\/\/www.drivetoimprove.com\/es\/wp-json\/wp\/v2\/pages\/830"}],"collection":[{"href":"https:\/\/www.drivetoimprove.com\/es\/wp-json\/wp\/v2\/pages"}],"about":[{"href":"https:\/\/www.drivetoimprove.com\/es\/wp-json\/wp\/v2\/types\/page"}],"author":[{"embeddable":true,"href":"https:\/\/www.drivetoimprove.com\/es\/wp-json\/wp\/v2\/users\/1"}],"replies":[{"embeddable":true,"href":"https:\/\/www.drivetoimprove.com\/es\/wp-json\/wp\/v2\/comments?post=830"}],"version-history":[{"count":4,"href":"https:\/\/www.drivetoimprove.com\/es\/wp-json\/wp\/v2\/pages\/830\/revisions"}],"predecessor-version":[{"id":2005,"href":"https:\/\/www.drivetoimprove.com\/es\/wp-json\/wp\/v2\/pages\/830\/revisions\/2005"}],"wp:attachment":[{"href":"https:\/\/www.drivetoimprove.com\/es\/wp-json\/wp\/v2\/media?parent=830"}],"curies":[{"name":"wp","href":"https:\/\/api.w.org\/{rel}","templated":true}]}}