{"id":832,"date":"2023-05-21T21:53:06","date_gmt":"2023-05-21T21:53:06","guid":{"rendered":"https:\/\/www.drivetoimprove.com\/what-we-do\/"},"modified":"2024-09-26T07:00:36","modified_gmt":"2024-09-26T07:00:36","slug":"que-hacemos","status":"publish","type":"page","link":"https:\/\/www.drivetoimprove.com\/es\/que-hacemos\/","title":{"rendered":"Qu\u00e9 hacemos"},"content":{"rendered":"<section class=\"blq-title-content-btn  not-columns reveal_fadein\">\n        <div class=\"container-fluid cs-col-9 \" >\n        <div class=\"bx-subtitle\">\n            <span class=\"subtitle\">QU\u00c9 HACEMOS<\/span>\n        <\/div>\n        <div class=\"bx-content\n                    font-weight600                    bx-main-title\">\n                                                                        <h1 class=\"title main-title\">Resolvemos los desaf\u00edos organizacionales de tu empresa<\/h1>\n                                                            <div class=\"content\">\n                                                                                <\/div>\n                    <\/div>\n    <\/div>\n<\/section>\n\n\n<figure class=\"wp-block-image size-large full-image-section\"><img decoding=\"async\" src=\"https:\/\/www.drivetoimprove.com\/wp-content\/uploads\/2023\/07\/What-we-do-fauxels-1024x683.jpg\" alt=\"\"\/><\/figure>\n\n\n<section class=\"blq-title-content-btn  \">\n        <div class=\"container-fluid cs-col-6 \" >\n        <div class=\"bx-subtitle\">\n            <span class=\"subtitle\"><\/span>\n        <\/div>\n        <div class=\"bx-content\n                    font-weight600                    \">\n                        <div class=\"content\">\n                <p>Un equipo de profesionales con experiencia y dedicaci\u00f3n que act\u00faan con atenci\u00f3n y detalle, siempre cumpliendo con nuestros compromisos y siendo coherentes con lo que decimos y hacemos.<\/p>\n                                                                <\/div>\n                            <div class=\"bx-btn\">\n                    <a class=\"btn-with-circle\" href=\"https:\/\/www.drivetoimprove.com\/es\/contactar\/\" class=\" large\">\n                        \u00bfTienes un proyecto?                     <\/a>\n                <\/div>\n                    <\/div>\n    <\/div>\n<\/section>\n\n<section class=\"blq-title-content-btn  \">\n        <div class=\"container-fluid cs-col-12 \" >\n        <div class=\"bx-subtitle\">\n            <span class=\"subtitle\">Nuestros servicios<\/span>\n        <\/div>\n        <div class=\"bx-content\n                    font-weight600                    \">\n                                                                        <div class=\"title\">Nuestra misi\u00f3n es potenciar el negocio mediante la implementaci\u00f3n de estrategias y pr\u00e1cticas transformadoras, fomentando una cultura de crecimiento y adaptabilidad.<\/div>\n                                                            <div class=\"content\">\n                                                                            <div class=\"list-content\">\n                                                            <div class=\"item\">\n                                    <h3 class=\"title\">Garantizar la alineaci\u00f3n entre la estrategia y las t\u00e1cticas<\/h3>\n                                    <div class=\"\"><p>Verificamos que la visi\u00f3n estrat\u00e9gica de la organizaci\u00f3n se alinea con las t\u00e1cticas de negocio diarias, manteniendo un enfoque consistente para lograr los objetivos.<\/p>\n<\/div>\n                                <\/div>\n                                                            <div class=\"item\">\n                                    <h3 class=\"title\">Dise\u00f1ando excelentes Developer Experiences <\/h3>\n                                    <div class=\"\"><p>Nos enfocamos en comprender las experiencias de los desarrolladores, identificando y resolviendo las dificultades que encuentran en su trabajo.<\/p>\n<\/div>\n                                <\/div>\n                                                            <div class=\"item\">\n                                    <h3 class=\"title\">Co-dise\u00f1ar estructuras y roles de equipo <\/h3>\n                                    <div class=\"\"><p>Colaboramos con los clientes para crear estructuras y roles de equipo \u00f3ptimos, asegurando la mejor alineaci\u00f3n de habilidades y responsabilidades para la m\u00e1xima eficacia.<\/p>\n<\/div>\n                                <\/div>\n                                                            <div class=\"item\">\n                                    <h3 class=\"title\">Dar soporte a los equipos en su proceso de trabajo<\/h3>\n                                    <div class=\"\"><p>Proporcionamos orientaci\u00f3n y soporte a los equipos a lo largo de sus procesos de trabajo, ayud\u00e1ndoles a superar los desaf\u00edos y alcanzar sus objetivos.<\/p>\n<\/div>\n                                <\/div>\n                                                            <div class=\"item\">\n                                    <h3 class=\"title\">Mentorizar a personas claves<\/h3>\n                                    <div class=\"\"><p>Ofrecemos mentoring a personas clave dentro de la organizaci\u00f3n, empoder\u00e1ndolas para desarrollar sus habilidades y contribuir al \u00e9xito de la organizaci\u00f3n.<\/p>\n<\/div>\n                                <\/div>\n                                                            <div class=\"item\">\n                                    <h3 class=\"title\">Workshops y formaci\u00f3n<\/h3>\n                                    <div class=\"\"><p>Ofrecemos workshops y sesiones de formaci\u00f3n para equipos e individuos involucrados en el proceso de cambio, equip\u00e1ndolos con los conocimientos y habilidades necesarios para sobresalir en sus roles.<\/p>\n<\/div>\n                                <\/div>\n                                                    <\/div>\n                                                <\/div>\n                    <\/div>\n    <\/div>\n<\/section>\n\n<section class=\"blq-carousel-imgs\">\n    <div class=\"container-fluid\">\n                    <div class=\"carousel-imgs\">\n                                                        <div class=\"styles_custom n10\">\n                        <div class=\"effects\" style=\"--rotacion: -0.24deg; --current: 10deg\">\n                            <figure>\n                                <img decoding=\"async\" src=\"https:\/\/www.drivetoimprove.com\/wp-content\/uploads\/2023\/07\/pexels-andrea-piacquadio-3758105.jpg\" alt=\" \" \/>\n                            <\/figure>\n                        <\/div>\n                    <\/div>\n                                                        <div class=\"styles_custom n10\">\n                        <div class=\"effects\" style=\"--rotacion: 0.69deg; --current: 10deg\">\n                            <figure>\n                                <img decoding=\"async\" src=\"https:\/\/www.drivetoimprove.com\/wp-content\/uploads\/2023\/07\/what-we-do-DTI-Carrusel.jpg\" alt=\" \" \/>\n                            <\/figure>\n                        <\/div>\n                    <\/div>\n                                                        <div class=\"styles_custom n10\">\n                        <div class=\"effects\" style=\"--rotacion: 1.4deg; --current: 10deg\">\n                            <figure>\n                                <img decoding=\"async\" src=\"https:\/\/www.drivetoimprove.com\/wp-content\/uploads\/2023\/07\/what_we_do_IMG_2180.jpg\" alt=\" \" \/>\n                            <\/figure>\n                        <\/div>\n                    <\/div>\n                            <\/div>\n            <\/div>\n<\/section>\n\n\n<section class=\"blq-title-content-btn  \">\n        <div class=\"container-fluid cs-col-12 padding0\" >\n        <div class=\"bx-subtitle\">\n            <span class=\"subtitle\">C\u00d3MO LO HACEMOS<\/span>\n        <\/div>\n        <div class=\"bx-content\n                    font-weight600                    \">\n                                                                        <div class=\"title\">Entendemos que no hay una soluci\u00f3n \u00fanica para todos, y estamos comprometidos a ofrecer resultados excepcionales aplicando el sentido com\u00fan y acciones reales y efectivas. <\/div>\n                                                            <div class=\"content\">\n                                            <\/div>\n                            <div class=\"bx-btn\">\n                    <a class=\"btn-with-circle\" href=\"https:\/\/www.drivetoimprove.com\/es\/casos-de-estudio\/\" class=\" small\">\n                        Ver los casos de estudio                    <\/a>\n                <\/div>\n                    <\/div>\n    <\/div>\n<\/section>\n\n\n<div class=\"wp-block-group is-layout-constrained wp-block-group-is-layout-constrained\"><div class=\"wp-block-group__inner-container\">\n<div class=\"wp-block-columns list-icons-with-texts-in-columns is-layout-flex wp-container-5 wp-block-columns-is-layout-flex\">\n<div class=\"wp-block-column is-layout-flow wp-block-column-is-layout-flow\">\n<figure class=\"wp-block-image size-large\"><img decoding=\"async\" loading=\"lazy\" width=\"74\" height=\"72\" src=\"https:\/\/www.drivetoimprove.com\/wp-content\/uploads\/2023\/06\/custom-solutions.svg\" alt=\"\" class=\"wp-image-539\"\/><\/figure>\n\n\n\n<h3 class=\"wp-block-heading\">Soluciones realizadas a medida<\/h3>\n\n\n\n<p>Creamos soluciones eficientes y eficaces a la medida de las metas y objetivos espec\u00edficos de la organizaci\u00f3n. Centr\u00e1ndonos en fomentar un ritmo sostenible de innovaci\u00f3n y trabajo, con \u00e9nfasis en el compromiso, la colaboraci\u00f3n, la participaci\u00f3n y los logros.<\/p>\n<\/div>\n\n\n\n<div class=\"wp-block-column is-layout-flow wp-block-column-is-layout-flow\">\n<figure class=\"wp-block-image size-large\"><img decoding=\"async\" loading=\"lazy\" width=\"78\" height=\"78\" src=\"https:\/\/www.drivetoimprove.com\/wp-content\/uploads\/2023\/06\/collaboration.svg\" alt=\"\" class=\"wp-image-538\"\/><\/figure>\n\n\n\n<h3 class=\"wp-block-heading\">Colaboraci\u00f3n y co-creaci\u00f3n<\/h3>\n\n\n\n<p>Trabajamos juntos para crear los comportamientos, principios, pr\u00e1cticas, procesos y herramientas para asegurar que la organizaci\u00f3n tenga las habilidades para ser exitosa y autosuficiente.<\/p>\n<\/div>\n\n\n\n<div class=\"wp-block-column is-layout-flow wp-block-column-is-layout-flow\">\n<figure class=\"wp-block-image size-large\"><img decoding=\"async\" loading=\"lazy\" width=\"68\" height=\"64\" src=\"https:\/\/www.drivetoimprove.com\/wp-content\/uploads\/2023\/06\/systematic-approach.svg\" alt=\"\" class=\"wp-image-573\"\/><\/figure>\n\n\n\n<h3 class=\"wp-block-heading\">Enfoque sist\u00e9mico en la mejora<\/h3>\n\n\n\n<p>Adoptamos un enfoque sist\u00e9mico para la mejora, que abarca todo, desde la mentalidad, los principios y los valores hasta las pr\u00e1cticas, los procesos y las herramientas para garantizar una organizaci\u00f3n \u00f3ptima, desde la estrategia hasta la ejecuci\u00f3n.<\/p>\n<\/div>\n\n\n\n<div class=\"wp-block-column is-layout-flow wp-block-column-is-layout-flow\">\n<figure class=\"wp-block-image size-large\"><img decoding=\"async\" loading=\"lazy\" width=\"76\" height=\"84\" src=\"https:\/\/www.drivetoimprove.com\/wp-content\/uploads\/2023\/06\/strategy-execution.svg\" alt=\"\" class=\"wp-image-572\"\/><\/figure>\n\n\n\n<h3 class=\"wp-block-heading\">Decisiones basadas en Datos<\/h3>\n\n\n\n<p>Evaluamos el rendimiento general y la productividad de la organizaci\u00f3n, identificando los resultados clave para medir las mejoras y guiar las decisiones futuras.<\/p>\n<\/div>\n<\/div>\n<\/div><\/div>\n\n\n\n<section id=\"reveal\" class=\"wp-block-group text-with-icon-message is-layout-constrained wp-block-group-is-layout-constrained\"><div class=\"wp-block-group__inner-container\">\n<p>Preferimos soluciones pragm\u00e1ticas porque cada empresa es \u00fanica y no hay una soluci\u00f3n universal que funcione en todos los \u00e1mbitos.<\/p>\n<\/div><\/section>\n\n\n<section class=\"blq-title-content-btn  \">\n        <div class=\"container-fluid cs-col-12 \" >\n        <div class=\"bx-subtitle\">\n            <span class=\"subtitle\">Clientes<\/span>\n        <\/div>\n        <div class=\"bx-content\n                    font-weight600                    \">\n                                                                        <div class=\"title\">Hemos colaborado en proyectos de media\/larga duraci\u00f3n con un amplio rango de organizaciones a nivel nacional y mundial:<\/div>\n                                                            <div class=\"content\">\n                                            <\/div>\n                    <\/div>\n    <\/div>\n<\/section>\n\n<section class=\"blq-list-logos\">\n    <div class=\"container-fluid\">\n                <figure class=\"\">\n            <img loading=\"lazy\" width=\"174\" height=\"63\" src=\"https:\/\/www.drivetoimprove.com\/wp-content\/uploads\/2023\/06\/ikea.svg\" class=\"attachment-full size-full\" alt=\"\" decoding=\"async\" \/>        <\/figure>\n                <figure class=\"\">\n            <img loading=\"lazy\" width=\"178\" height=\"57\" src=\"https:\/\/www.drivetoimprove.com\/wp-content\/uploads\/2023\/07\/vintra.png\" class=\"attachment-full size-full\" alt=\"\" decoding=\"async\" \/>        <\/figure>\n                <figure class=\"\">\n            <img loading=\"lazy\" width=\"220\" height=\"61\" src=\"https:\/\/www.drivetoimprove.com\/wp-content\/uploads\/2023\/06\/aigues_barcelona.svg\" class=\"attachment-full size-full\" alt=\"\" decoding=\"async\" \/>        <\/figure>\n                <figure class=\"\">\n            <img loading=\"lazy\" width=\"142\" height=\"47\" src=\"https:\/\/www.drivetoimprove.com\/wp-content\/uploads\/2023\/06\/vueling.svg\" class=\"attachment-full size-full\" alt=\"\" decoding=\"async\" \/>        <\/figure>\n                <figure class=\"\">\n            <img loading=\"lazy\" width=\"208\" height=\"51\" src=\"https:\/\/www.drivetoimprove.com\/wp-content\/uploads\/2023\/06\/privalia.svg\" class=\"attachment-full size-full\" alt=\"\" decoding=\"async\" \/>        <\/figure>\n                <figure class=\"\">\n            <img loading=\"lazy\" width=\"230\" height=\"61\" src=\"https:\/\/www.drivetoimprove.com\/wp-content\/uploads\/2023\/06\/wallapop.svg\" class=\"attachment-full size-full\" alt=\"\" decoding=\"async\" \/>        <\/figure>\n                <figure class=\"\">\n            <img loading=\"lazy\" width=\"188\" height=\"31\" src=\"https:\/\/www.drivetoimprove.com\/wp-content\/uploads\/2023\/06\/mago.svg\" class=\"attachment-full size-full\" alt=\"\" decoding=\"async\" \/>        <\/figure>\n                <figure class=\"\">\n            <img loading=\"lazy\" width=\"188\" height=\"27\" src=\"https:\/\/www.drivetoimprove.com\/wp-content\/uploads\/2023\/06\/ibssoftware.svg\" class=\"attachment-full size-full\" alt=\"\" decoding=\"async\" \/>        <\/figure>\n                <figure class=\"\">\n            <img loading=\"lazy\" width=\"88\" height=\"81\" src=\"https:\/\/www.drivetoimprove.com\/wp-content\/uploads\/2023\/06\/axa.svg\" class=\"attachment-full size-full\" alt=\"\" decoding=\"async\" \/>        <\/figure>\n                <figure class=\"\">\n            <img loading=\"lazy\" width=\"222\" height=\"39\" src=\"https:\/\/www.drivetoimprove.com\/wp-content\/uploads\/2023\/06\/clarivate.svg\" class=\"attachment-full size-full\" alt=\"\" decoding=\"async\" \/>        <\/figure>\n                <figure class=\"\">\n            <img loading=\"lazy\" width=\"146\" height=\"39\" src=\"https:\/\/www.drivetoimprove.com\/wp-content\/uploads\/2023\/06\/ivoox.svg\" class=\"attachment-full size-full\" alt=\"\" decoding=\"async\" \/>        <\/figure>\n                <figure class=\"\">\n            <img loading=\"lazy\" width=\"190\" height=\"27\" src=\"https:\/\/www.drivetoimprove.com\/wp-content\/uploads\/2023\/06\/hotelbeds.svg\" class=\"attachment-full size-full\" alt=\"\" decoding=\"async\" \/>        <\/figure>\n            <\/div>\n<\/section>","protected":false},"excerpt":{"rendered":"<p>Soluciones realizadas a medida Creamos soluciones eficientes y eficaces a la medida de las metas y objetivos espec\u00edficos de la organizaci\u00f3n. Centr\u00e1ndonos en fomentar un ritmo sostenible de innovaci\u00f3n y trabajo, con \u00e9nfasis en el compromiso, la colaboraci\u00f3n, la participaci\u00f3n y los logros. Colaboraci\u00f3n y co-creaci\u00f3n Trabajamos juntos para crear los comportamientos, principios, pr\u00e1cticas, procesos&#8230; <a class=\"excerpt-read-more\" href=\"https:\/\/www.drivetoimprove.com\/es\/que-hacemos\/\" title=\"Read Qu\u00e9 hacemos\">Leer m\u00e1s &raquo;<\/a><\/p>\n","protected":false},"author":1,"featured_media":0,"parent":0,"menu_order":0,"comment_status":"closed","ping_status":"closed","template":"page-full-width.php","meta":{"footnotes":""},"acf":[],"yoast_head":"<!-- This site is optimized with the Yoast SEO plugin v21.3 - https:\/\/yoast.com\/wordpress\/plugins\/seo\/ -->\n<title>Qu\u00e9 hacemos - DriveToImprove<\/title>\n<meta name=\"description\" content=\"Solucionamos retos organizativos implementando nuevas formas de trabajo efectivas y \u00e1giles, desde la estrategia hasta la ejecuci\u00f3n.\" \/>\n<meta name=\"robots\" content=\"index, follow, max-snippet:-1, max-image-preview:large, max-video-preview:-1\" \/>\n<link rel=\"canonical\" href=\"https:\/\/www.drivetoimprove.com\/es\/que-hacemos\/\" \/>\n<meta property=\"og:locale\" content=\"es_ES\" \/>\n<meta property=\"og:type\" content=\"article\" \/>\n<meta property=\"og:title\" content=\"Qu\u00e9 hacemos - DriveToImprove\" \/>\n<meta property=\"og:description\" content=\"Solucionamos retos organizativos implementando nuevas formas de trabajo efectivas y \u00e1giles, desde la estrategia hasta la ejecuci\u00f3n.\" \/>\n<meta property=\"og:url\" content=\"https:\/\/www.drivetoimprove.com\/es\/que-hacemos\/\" \/>\n<meta property=\"og:site_name\" content=\"DriveToImprove\" \/>\n<meta property=\"article:modified_time\" content=\"2024-09-26T07:00:36+00:00\" \/>\n<meta property=\"og:image\" content=\"https:\/\/www.drivetoimprove.com\/wp-content\/uploads\/2023\/07\/What-we-do-fauxels-1024x683.jpg\" \/>\n<meta name=\"twitter:card\" content=\"summary_large_image\" \/>\n<meta name=\"twitter:label1\" content=\"Tiempo de lectura\" \/>\n\t<meta name=\"twitter:data1\" content=\"2 minutos\" \/>\n<script type=\"application\/ld+json\" class=\"yoast-schema-graph\">{\"@context\":\"https:\/\/schema.org\",\"@graph\":[{\"@type\":\"WebPage\",\"@id\":\"https:\/\/www.drivetoimprove.com\/es\/que-hacemos\/\",\"url\":\"https:\/\/www.drivetoimprove.com\/es\/que-hacemos\/\",\"name\":\"Qu\u00e9 hacemos - DriveToImprove\",\"isPartOf\":{\"@id\":\"https:\/\/www.drivetoimprove.com\/es\/#website\"},\"datePublished\":\"2023-05-21T21:53:06+00:00\",\"dateModified\":\"2024-09-26T07:00:36+00:00\",\"description\":\"Solucionamos retos organizativos implementando nuevas formas de trabajo efectivas y \u00e1giles, desde la estrategia hasta la ejecuci\u00f3n.\",\"breadcrumb\":{\"@id\":\"https:\/\/www.drivetoimprove.com\/es\/que-hacemos\/#breadcrumb\"},\"inLanguage\":\"es\",\"potentialAction\":[{\"@type\":\"ReadAction\",\"target\":[\"https:\/\/www.drivetoimprove.com\/es\/que-hacemos\/\"]}]},{\"@type\":\"BreadcrumbList\",\"@id\":\"https:\/\/www.drivetoimprove.com\/es\/que-hacemos\/#breadcrumb\",\"itemListElement\":[{\"@type\":\"ListItem\",\"position\":1,\"name\":\"Home\",\"item\":\"https:\/\/www.drivetoimprove.com\/es\/home\/\"},{\"@type\":\"ListItem\",\"position\":2,\"name\":\"Qu\u00e9 hacemos\"}]},{\"@type\":\"WebSite\",\"@id\":\"https:\/\/www.drivetoimprove.com\/es\/#website\",\"url\":\"https:\/\/www.drivetoimprove.com\/es\/\",\"name\":\"DriveToImprove\",\"description\":\"\",\"potentialAction\":[{\"@type\":\"SearchAction\",\"target\":{\"@type\":\"EntryPoint\",\"urlTemplate\":\"https:\/\/www.drivetoimprove.com\/es\/?s={search_term_string}\"},\"query-input\":\"required name=search_term_string\"}],\"inLanguage\":\"es\"}]}<\/script>\n<!-- \/ Yoast SEO plugin. -->","yoast_head_json":{"title":"Qu\u00e9 hacemos - DriveToImprove","description":"Solucionamos retos organizativos implementando nuevas formas de trabajo efectivas y \u00e1giles, desde la estrategia hasta la ejecuci\u00f3n.","robots":{"index":"index","follow":"follow","max-snippet":"max-snippet:-1","max-image-preview":"max-image-preview:large","max-video-preview":"max-video-preview:-1"},"canonical":"https:\/\/www.drivetoimprove.com\/es\/que-hacemos\/","og_locale":"es_ES","og_type":"article","og_title":"Qu\u00e9 hacemos - DriveToImprove","og_description":"Solucionamos retos organizativos implementando nuevas formas de trabajo efectivas y \u00e1giles, desde la estrategia hasta la ejecuci\u00f3n.","og_url":"https:\/\/www.drivetoimprove.com\/es\/que-hacemos\/","og_site_name":"DriveToImprove","article_modified_time":"2024-09-26T07:00:36+00:00","og_image":[{"url":"https:\/\/www.drivetoimprove.com\/wp-content\/uploads\/2023\/07\/What-we-do-fauxels-1024x683.jpg"}],"twitter_card":"summary_large_image","twitter_misc":{"Tiempo de lectura":"2 minutos"},"schema":{"@context":"https:\/\/schema.org","@graph":[{"@type":"WebPage","@id":"https:\/\/www.drivetoimprove.com\/es\/que-hacemos\/","url":"https:\/\/www.drivetoimprove.com\/es\/que-hacemos\/","name":"Qu\u00e9 hacemos - DriveToImprove","isPartOf":{"@id":"https:\/\/www.drivetoimprove.com\/es\/#website"},"datePublished":"2023-05-21T21:53:06+00:00","dateModified":"2024-09-26T07:00:36+00:00","description":"Solucionamos retos organizativos implementando nuevas formas de trabajo efectivas y \u00e1giles, desde la estrategia hasta la ejecuci\u00f3n.","breadcrumb":{"@id":"https:\/\/www.drivetoimprove.com\/es\/que-hacemos\/#breadcrumb"},"inLanguage":"es","potentialAction":[{"@type":"ReadAction","target":["https:\/\/www.drivetoimprove.com\/es\/que-hacemos\/"]}]},{"@type":"BreadcrumbList","@id":"https:\/\/www.drivetoimprove.com\/es\/que-hacemos\/#breadcrumb","itemListElement":[{"@type":"ListItem","position":1,"name":"Home","item":"https:\/\/www.drivetoimprove.com\/es\/home\/"},{"@type":"ListItem","position":2,"name":"Qu\u00e9 hacemos"}]},{"@type":"WebSite","@id":"https:\/\/www.drivetoimprove.com\/es\/#website","url":"https:\/\/www.drivetoimprove.com\/es\/","name":"DriveToImprove","description":"","potentialAction":[{"@type":"SearchAction","target":{"@type":"EntryPoint","urlTemplate":"https:\/\/www.drivetoimprove.com\/es\/?s={search_term_string}"},"query-input":"required name=search_term_string"}],"inLanguage":"es"}]}},"_links":{"self":[{"href":"https:\/\/www.drivetoimprove.com\/es\/wp-json\/wp\/v2\/pages\/832"}],"collection":[{"href":"https:\/\/www.drivetoimprove.com\/es\/wp-json\/wp\/v2\/pages"}],"about":[{"href":"https:\/\/www.drivetoimprove.com\/es\/wp-json\/wp\/v2\/types\/page"}],"author":[{"embeddable":true,"href":"https:\/\/www.drivetoimprove.com\/es\/wp-json\/wp\/v2\/users\/1"}],"replies":[{"embeddable":true,"href":"https:\/\/www.drivetoimprove.com\/es\/wp-json\/wp\/v2\/comments?post=832"}],"version-history":[{"count":30,"href":"https:\/\/www.drivetoimprove.com\/es\/wp-json\/wp\/v2\/pages\/832\/revisions"}],"predecessor-version":[{"id":2259,"href":"https:\/\/www.drivetoimprove.com\/es\/wp-json\/wp\/v2\/pages\/832\/revisions\/2259"}],"wp:attachment":[{"href":"https:\/\/www.drivetoimprove.com\/es\/wp-json\/wp\/v2\/media?parent=832"}],"curies":[{"name":"wp","href":"https:\/\/api.w.org\/{rel}","templated":true}]}}