{"id":841,"date":"2023-05-21T21:53:17","date_gmt":"2023-05-21T21:53:17","guid":{"rendered":"https:\/\/www.drivetoimprove.com\/quienes-somos\/"},"modified":"2024-10-25T09:20:11","modified_gmt":"2024-10-25T09:20:11","slug":"quienes-somos","status":"publish","type":"page","link":"https:\/\/www.drivetoimprove.com\/es\/quienes-somos\/","title":{"rendered":"Qui\u00e9nes somos"},"content":{"rendered":"<section class=\"blq-title-content-btn  not-columns reveal_fadein\">\n        <div class=\"container-fluid cs-col-10 \" >\n        <div class=\"bx-subtitle\">\n            <span class=\"subtitle\">QUI\u00c9NES SOMOS<\/span>\n        <\/div>\n        <div class=\"bx-content\n                    font-weight600                    bx-main-title\">\n                                                                        <h1 class=\"title main-title\">Somos consultores multidisciplinarios que priorizan un enfoque pr\u00e1ctico basado en el sentido com\u00fan.<\/h1>\n                                                            <div class=\"content\">\n                                                                                <\/div>\n                    <\/div>\n    <\/div>\n<\/section>\n\n\n<figure class=\"wp-block-image size-full full-image-section\"><img decoding=\"async\" loading=\"lazy\" width=\"1024\" height=\"709\" src=\"https:\/\/www.drivetoimprove.com\/wp-content\/uploads\/2024\/02\/Who_we_are_1024_709_2-4.jpeg\" alt=\"\" class=\"wp-image-2066\" srcset=\"https:\/\/www.drivetoimprove.com\/wp-content\/uploads\/2024\/02\/Who_we_are_1024_709_2-4.jpeg 1024w, https:\/\/www.drivetoimprove.com\/wp-content\/uploads\/2024\/02\/Who_we_are_1024_709_2-4-300x208.jpeg 300w, https:\/\/www.drivetoimprove.com\/wp-content\/uploads\/2024\/02\/Who_we_are_1024_709_2-4-768x532.jpeg 768w\" sizes=\"(max-width: 1024px) 100vw, 1024px\" \/><\/figure>\n\n\n\n<div style=\"height:100px\" aria-hidden=\"true\" class=\"wp-block-spacer\"><\/div>\n\n\n<section class=\"blq-title-content-btn  \">\n        <div class=\"container-fluid cs-col-12 \" >\n        <div class=\"bx-subtitle\">\n            <span class=\"subtitle\">Nuestros principios <\/span>\n        <\/div>\n        <div class=\"bx-content\n                    font-weight600                    \">\n                                                                        <div class=\"title\">Creemos en la implementaci\u00f3n de soluciones efectivas y tangibles para lograr nuestros objetivos, trabajando en todos los niveles, desde el desarrollo de la estrategia hasta la ejecuci\u00f3n.<\/div>\n                                                            <div class=\"content\">\n                                            <\/div>\n                    <\/div>\n    <\/div>\n<\/section>\n\n\n<div class=\"wp-block-group is-layout-constrained wp-block-group-is-layout-constrained\"><div class=\"wp-block-group__inner-container\">\n<div class=\"wp-block-columns list-icons-with-texts-in-columns is-layout-flex wp-container-4 wp-block-columns-is-layout-flex\">\n<div class=\"wp-block-column is-layout-flow wp-block-column-is-layout-flow\">\n<figure class=\"wp-block-image size-large\"><img decoding=\"async\" loading=\"lazy\" width=\"76\" height=\"84\" src=\"https:\/\/www.drivetoimprove.com\/wp-content\/uploads\/2023\/06\/strategy-execution.svg\" alt=\"\" class=\"wp-image-572\"\/><\/figure>\n\n\n\n<h3 class=\"wp-block-heading\">Honestidad<\/h3>\n\n\n\n<p>Hablamos de forma libre, abrazando conversaciones abiertas y reflexivas, respetando diferentes opiniones, creando conflictos saludables para ayudar a la organizaci\u00f3n y a los individuos a tener \u00e9xito.<\/p>\n<\/div>\n\n\n\n<div class=\"wp-block-column is-layout-flow wp-block-column-is-layout-flow\">\n<figure class=\"wp-block-image size-large\"><img decoding=\"async\" loading=\"lazy\" width=\"70\" height=\"78\" src=\"https:\/\/www.drivetoimprove.com\/wp-content\/uploads\/2023\/06\/reliability.svg\" alt=\"\" class=\"wp-image-569\"\/><\/figure>\n\n\n\n<h3 class=\"wp-block-heading\">Confiabilidad<\/h3>\n\n\n\n<p>Valoramos altamente nuestros compromisos, esforz\u00e1ndonos por cumplirlos de manera confiable y atenta. Somos due\u00f1os de nuestras acciones, aprendemos de nuestros errores y r\u00e1pidamente los corregimos cuando es necesario, fomentando un ambiente de de responsabilidad y orientado al crecimiento.<\/p>\n<\/div>\n\n\n\n<div class=\"wp-block-column is-layout-flow wp-block-column-is-layout-flow\">\n<figure class=\"wp-block-image size-large\"><img decoding=\"async\" loading=\"lazy\" width=\"66\" height=\"58\" src=\"https:\/\/www.drivetoimprove.com\/wp-content\/uploads\/2023\/06\/humility.svg\" alt=\"\" class=\"wp-image-544\"\/><\/figure>\n\n\n\n<h3 class=\"wp-block-heading\">Humildad<\/h3>\n\n\n\n<p>Fomentamos una cultura de aprendizaje y crecimiento continuo, abrazando nuestras imperfecciones y limitaciones mientras buscamos activamente el desarrollo y el progreso juntos como una organizaci\u00f3n unida.<\/p>\n<\/div>\n<\/div>\n<\/div><\/div>\n\n\n\n<section id=\"reveal\" class=\"wp-block-group text-with-icon-message gs_reveal gs_reveal_fromBottom is-layout-constrained wp-block-group-is-layout-constrained\"><div class=\"wp-block-group__inner-container\">\n<p>Preferimos soluciones pragm\u00e1ticas porque cada organizaci\u00f3n es \u00fanica y no existe una soluci\u00f3n universal.<\/p>\n<\/div><\/section>\n\n\n<section class=\"blq-people-team\">\n    <div class=\"container-fluid\">\n        <h2 class=\"title\">El equipo<\/h2>\n                    <div class=\"list-people\">\n                                    <div class=\"card\">\n                        <figure>\n                            <img decoding=\"async\" src=\"https:\/\/www.drivetoimprove.com\/wp-content\/uploads\/2023\/06\/im-team1.png\" alt=\"Manu L\u00f3pez\" \/>\n                        <\/figure>\n                        <h3 class=\"name-lastname\">Manu L\u00f3pez<\/h3>\n                        <div class=\"role\">Agile Coach<\/div>\n                        <div class=\"description\">Disfrutando de  colaborar con organizaciones y equipos para facilitar el logro de sus objetivos, considerando su capacidad de adaptaci\u00f3n a nuevos enfoques de trabajo y manteniendo un equilibrio entre el respeto hacia cada individuo y la ejecuci\u00f3n de las tareas.<\/div>\n                        <div class=\"bx-link-rrss\">\n                            <a class=\"btn-with-circle-oval\" href=\"https:\/\/www.linkedin.com\/in\/manulopez\" target=\"_blank\">LinkedIn<\/a>\n                        <\/div>\n                    <\/div>\n                                    <div class=\"card\">\n                        <figure>\n                            <img decoding=\"async\" src=\"https:\/\/www.drivetoimprove.com\/wp-content\/uploads\/2023\/06\/im-team2.png\" alt=\"Steve Wallace\" \/>\n                        <\/figure>\n                        <h3 class=\"name-lastname\">Steve Wallace<\/h3>\n                        <div class=\"role\">Agile Coach <\/div>\n                        <div class=\"description\">Soy una persona que le gusta resolver problemas. Disfruto de abordar las mejoras organizativas; implementar Agile en \u00e1reas no relacionadas con el software; realizar coaching a personas y equipos; y ayudar a las empresas a alcanzar sus objetivos.<\/div>\n                        <div class=\"bx-link-rrss\">\n                            <a class=\"btn-with-circle-oval\" href=\"https:\/\/www.linkedin.com\/in\/steven-wallace-dti\/\" target=\"_blank\">LinkedIn<\/a>\n                        <\/div>\n                    <\/div>\n                                    <div class=\"card\">\n                        <figure>\n                            <img decoding=\"async\" src=\"https:\/\/www.drivetoimprove.com\/wp-content\/uploads\/2024\/02\/edit_IMG_1946-1.jpg\" alt=\"Drive to Improve\" \/>\n                        <\/figure>\n                        <h3 class=\"name-lastname\">Drive to Improve<\/h3>\n                        <div class=\"role\"><\/div>\n                        <div class=\"description\">Nuestra misi\u00f3n es potenciar tu negocio implementando estrategias y pr\u00e1cticas exitosas que fomenten el crecimiento y la adaptabilidad<\/div>\n                        <div class=\"bx-link-rrss\">\n                            <a class=\"btn-with-circle-oval\" href=\"https:\/\/www.linkedin.com\/company\/drive-to-improve\/\" target=\"_blank\">LinkedIn<\/a>\n                        <\/div>\n                    <\/div>\n                            <\/div>\n            <\/div>\n<\/section>","protected":false},"excerpt":{"rendered":"<p>Honestidad Hablamos de forma libre, abrazando conversaciones abiertas y reflexivas, respetando diferentes opiniones, creando conflictos saludables para ayudar a la organizaci\u00f3n y a los individuos a tener \u00e9xito. Confiabilidad Valoramos altamente nuestros compromisos, esforz\u00e1ndonos por cumplirlos de manera confiable y atenta. Somos due\u00f1os de nuestras acciones, aprendemos de nuestros errores y r\u00e1pidamente los corregimos cuando&#8230; <a class=\"excerpt-read-more\" href=\"https:\/\/www.drivetoimprove.com\/es\/quienes-somos\/\" title=\"Read Qui\u00e9nes somos\">Leer m\u00e1s &raquo;<\/a><\/p>\n","protected":false},"author":1,"featured_media":0,"parent":0,"menu_order":0,"comment_status":"closed","ping_status":"closed","template":"page-full-width.php","meta":{"footnotes":""},"acf":[],"yoast_head":"<!-- This site is optimized with the Yoast SEO plugin v21.3 - https:\/\/yoast.com\/wordpress\/plugins\/seo\/ -->\n<title>Qui\u00e9nes somos - DriveToImprove<\/title>\n<meta name=\"robots\" content=\"index, follow, max-snippet:-1, max-image-preview:large, max-video-preview:-1\" \/>\n<link rel=\"canonical\" href=\"https:\/\/www.drivetoimprove.com\/es\/quienes-somos\/\" \/>\n<meta property=\"og:locale\" content=\"es_ES\" \/>\n<meta property=\"og:type\" content=\"article\" \/>\n<meta property=\"og:title\" content=\"Qui\u00e9nes somos - DriveToImprove\" \/>\n<meta property=\"og:description\" content=\"Honestidad Hablamos de forma libre, abrazando conversaciones abiertas y reflexivas, respetando diferentes opiniones, creando conflictos saludables para ayudar a la organizaci\u00f3n y a los individuos a tener \u00e9xito. Confiabilidad Valoramos altamente nuestros compromisos, esforz\u00e1ndonos por cumplirlos de manera confiable y atenta. Somos due\u00f1os de nuestras acciones, aprendemos de nuestros errores y r\u00e1pidamente los corregimos cuando... Leer m\u00e1s &raquo;\" \/>\n<meta property=\"og:url\" content=\"https:\/\/www.drivetoimprove.com\/es\/quienes-somos\/\" \/>\n<meta property=\"og:site_name\" content=\"DriveToImprove\" \/>\n<meta property=\"article:modified_time\" content=\"2024-10-25T09:20:11+00:00\" \/>\n<meta property=\"og:image\" content=\"https:\/\/www.drivetoimprove.com\/wp-content\/uploads\/2024\/02\/Who_we_are_1024_709_2-4.jpeg\" \/>\n<meta name=\"twitter:card\" content=\"summary_large_image\" \/>\n<meta name=\"twitter:label1\" content=\"Tiempo de lectura\" \/>\n\t<meta name=\"twitter:data1\" content=\"2 minutos\" \/>\n<script type=\"application\/ld+json\" class=\"yoast-schema-graph\">{\"@context\":\"https:\/\/schema.org\",\"@graph\":[{\"@type\":\"WebPage\",\"@id\":\"https:\/\/www.drivetoimprove.com\/es\/quienes-somos\/\",\"url\":\"https:\/\/www.drivetoimprove.com\/es\/quienes-somos\/\",\"name\":\"Qui\u00e9nes somos - DriveToImprove\",\"isPartOf\":{\"@id\":\"https:\/\/www.drivetoimprove.com\/es\/#website\"},\"datePublished\":\"2023-05-21T21:53:17+00:00\",\"dateModified\":\"2024-10-25T09:20:11+00:00\",\"breadcrumb\":{\"@id\":\"https:\/\/www.drivetoimprove.com\/es\/quienes-somos\/#breadcrumb\"},\"inLanguage\":\"es\",\"potentialAction\":[{\"@type\":\"ReadAction\",\"target\":[\"https:\/\/www.drivetoimprove.com\/es\/quienes-somos\/\"]}]},{\"@type\":\"BreadcrumbList\",\"@id\":\"https:\/\/www.drivetoimprove.com\/es\/quienes-somos\/#breadcrumb\",\"itemListElement\":[{\"@type\":\"ListItem\",\"position\":1,\"name\":\"Home\",\"item\":\"https:\/\/www.drivetoimprove.com\/es\/home\/\"},{\"@type\":\"ListItem\",\"position\":2,\"name\":\"Qui\u00e9nes somos\"}]},{\"@type\":\"WebSite\",\"@id\":\"https:\/\/www.drivetoimprove.com\/es\/#website\",\"url\":\"https:\/\/www.drivetoimprove.com\/es\/\",\"name\":\"DriveToImprove\",\"description\":\"\",\"potentialAction\":[{\"@type\":\"SearchAction\",\"target\":{\"@type\":\"EntryPoint\",\"urlTemplate\":\"https:\/\/www.drivetoimprove.com\/es\/?s={search_term_string}\"},\"query-input\":\"required name=search_term_string\"}],\"inLanguage\":\"es\"}]}<\/script>\n<!-- \/ Yoast SEO plugin. -->","yoast_head_json":{"title":"Qui\u00e9nes somos - DriveToImprove","robots":{"index":"index","follow":"follow","max-snippet":"max-snippet:-1","max-image-preview":"max-image-preview:large","max-video-preview":"max-video-preview:-1"},"canonical":"https:\/\/www.drivetoimprove.com\/es\/quienes-somos\/","og_locale":"es_ES","og_type":"article","og_title":"Qui\u00e9nes somos - DriveToImprove","og_description":"Honestidad Hablamos de forma libre, abrazando conversaciones abiertas y reflexivas, respetando diferentes opiniones, creando conflictos saludables para ayudar a la organizaci\u00f3n y a los individuos a tener \u00e9xito. Confiabilidad Valoramos altamente nuestros compromisos, esforz\u00e1ndonos por cumplirlos de manera confiable y atenta. Somos due\u00f1os de nuestras acciones, aprendemos de nuestros errores y r\u00e1pidamente los corregimos cuando... Leer m\u00e1s &raquo;","og_url":"https:\/\/www.drivetoimprove.com\/es\/quienes-somos\/","og_site_name":"DriveToImprove","article_modified_time":"2024-10-25T09:20:11+00:00","og_image":[{"url":"https:\/\/www.drivetoimprove.com\/wp-content\/uploads\/2024\/02\/Who_we_are_1024_709_2-4.jpeg"}],"twitter_card":"summary_large_image","twitter_misc":{"Tiempo de lectura":"2 minutos"},"schema":{"@context":"https:\/\/schema.org","@graph":[{"@type":"WebPage","@id":"https:\/\/www.drivetoimprove.com\/es\/quienes-somos\/","url":"https:\/\/www.drivetoimprove.com\/es\/quienes-somos\/","name":"Qui\u00e9nes somos - DriveToImprove","isPartOf":{"@id":"https:\/\/www.drivetoimprove.com\/es\/#website"},"datePublished":"2023-05-21T21:53:17+00:00","dateModified":"2024-10-25T09:20:11+00:00","breadcrumb":{"@id":"https:\/\/www.drivetoimprove.com\/es\/quienes-somos\/#breadcrumb"},"inLanguage":"es","potentialAction":[{"@type":"ReadAction","target":["https:\/\/www.drivetoimprove.com\/es\/quienes-somos\/"]}]},{"@type":"BreadcrumbList","@id":"https:\/\/www.drivetoimprove.com\/es\/quienes-somos\/#breadcrumb","itemListElement":[{"@type":"ListItem","position":1,"name":"Home","item":"https:\/\/www.drivetoimprove.com\/es\/home\/"},{"@type":"ListItem","position":2,"name":"Qui\u00e9nes somos"}]},{"@type":"WebSite","@id":"https:\/\/www.drivetoimprove.com\/es\/#website","url":"https:\/\/www.drivetoimprove.com\/es\/","name":"DriveToImprove","description":"","potentialAction":[{"@type":"SearchAction","target":{"@type":"EntryPoint","urlTemplate":"https:\/\/www.drivetoimprove.com\/es\/?s={search_term_string}"},"query-input":"required name=search_term_string"}],"inLanguage":"es"}]}},"_links":{"self":[{"href":"https:\/\/www.drivetoimprove.com\/es\/wp-json\/wp\/v2\/pages\/841"}],"collection":[{"href":"https:\/\/www.drivetoimprove.com\/es\/wp-json\/wp\/v2\/pages"}],"about":[{"href":"https:\/\/www.drivetoimprove.com\/es\/wp-json\/wp\/v2\/types\/page"}],"author":[{"embeddable":true,"href":"https:\/\/www.drivetoimprove.com\/es\/wp-json\/wp\/v2\/users\/1"}],"replies":[{"embeddable":true,"href":"https:\/\/www.drivetoimprove.com\/es\/wp-json\/wp\/v2\/comments?post=841"}],"version-history":[{"count":17,"href":"https:\/\/www.drivetoimprove.com\/es\/wp-json\/wp\/v2\/pages\/841\/revisions"}],"predecessor-version":[{"id":2561,"href":"https:\/\/www.drivetoimprove.com\/es\/wp-json\/wp\/v2\/pages\/841\/revisions\/2561"}],"wp:attachment":[{"href":"https:\/\/www.drivetoimprove.com\/es\/wp-json\/wp\/v2\/media?parent=841"}],"curies":[{"name":"wp","href":"https:\/\/api.w.org\/{rel}","templated":true}]}}