{"id":848,"date":"2023-05-19T08:39:43","date_gmt":"2023-05-19T08:39:43","guid":{"rendered":"https:\/\/www.drivetoimprove.com\/politica-de-privacidad\/"},"modified":"2023-09-05T11:23:43","modified_gmt":"2023-09-05T11:23:43","slug":"politica-de-privacidad","status":"publish","type":"page","link":"https:\/\/www.drivetoimprove.com\/es\/politica-de-privacidad\/","title":{"rendered":"Pol\u00edtica de Privacidad"},"content":{"rendered":"\n<p><strong>GENERAL<\/strong><\/p>\n\n\n\n<p>Su privacidad es importante para nosotros. Esta pol\u00edtica de privacidad tiene por objeto darle confianza en la privacidad y seguridad de la informaci\u00f3n personal que obtenemos de usted, ya sea que utilice los productos de Drive To Improve o simplemente visite nuestros sitios web. Sin embargo, tenga en cuenta que no somos responsables de ning\u00fan uso de su informaci\u00f3n personal que proporcione a aplicaciones de terceros o sitios web a los que se pueda acceder a trav\u00e9s de los Productos o sitios web. Le recomendamos que revise la pol\u00edtica de privacidad de cualquier aplicaci\u00f3n o sitio web de terceros que utilice.<\/p>\n\n\n\n<p><strong>RECOPILACI\u00d3N DE INFORMACI\u00d3N PERSONAL<\/strong><\/p>\n\n\n\n<p>Cuando utilice nuestros Productos o Sitios Web, se le puede pedir informaci\u00f3n de identificaci\u00f3n personal, como su nombre, direcci\u00f3n, fecha de nacimiento, direcci\u00f3n de correo electr\u00f3nico y n\u00famero de tel\u00e9fono. Al darnos tal informaci\u00f3n, deber\u00e1 consentir que la utilicemos de la manera descrita en esta pol\u00edtica. Usted puede retirar su consentimiento en cualquier momento envi\u00e1ndonos un correo electr\u00f3nico a info@drivetoimprove.com. Devolveremos o destruiremos su informaci\u00f3n personal dentro de los diez d\u00edas siguientes a la recepci\u00f3n de su petici\u00f3n. La informaci\u00f3n de cookies, las p\u00e1ginas que ha solicitado y su direcci\u00f3n IP tambi\u00e9n pueden ser registradas por nosotros y \/ o por terceros desde su navegador como se establece en esta pol\u00edtica.<\/p>\n\n\n\n<p><strong>USO DE DATOS DE RENDIMIENTO<\/strong><\/p>\n\n\n\n<p>Drive To Improve utilizar\u00e1 datos de rendimiento, incluyendo estad\u00edsticas de rendimiento, correcciones de errores y otros datos similares (\u00abDatos de rendimiento\u00bb) cargados en nuestros sitios web o adquiridos a trav\u00e9s de nuestros productos. Drive To Improve puede usar tales datos de desempe\u00f1o de cualquier manera, incluyendo, pero no limitado a, usar, editar, alterar, reproducir, publicar y \/ o distribuir los datos de desempe\u00f1o para cualquier prop\u00f3sito, comercial o de otro tipo, habiendo retirado toda la informaci\u00f3n que pueda llevar a identificaci\u00f3n personal (datos anonimizados).<\/p>\n\n\n\n<p><strong>USO DE INFORMACI\u00d3N PERSONAL<\/strong><\/p>\n\n\n\n<p>Utilizamos informaci\u00f3n personal para permitirnos procesar sus solicitudes de servicio, brindar acceso a \u00e1reas privilegiadas de los sitios web, enviar boletines informativos, personalizar su visita a nuestros sitios web, personalizar su uso de nuestros productos y permitirnos mejorar los productos y servicios que ofrecemos. De vez en cuando, podemos realizar investigaciones de mercado y enviarle detalles de servicios y ofertas que creemos que pueden ser de su inter\u00e9s. Si no desea recibir dicha informaci\u00f3n, env\u00ede un correo electr\u00f3nico a info@drivetoimprove.com o, alternativamente, cuando le enviemos un correo electr\u00f3nico, contendr\u00e1 una opci\u00f3n para que usted opte por no recibir m\u00e1s informaci\u00f3n al respecto.<\/p>\n\n\n\n<p><strong>DIVULGACI\u00d3N DE INFORMACI\u00d3N PERSONAL<\/strong><\/p>\n\n\n\n<p>Podemos proporcionar informaci\u00f3n sobre usted a nuestros empleados y agentes con el fin de administrar cualquier cuenta, productos y servicios proporcionados por Drive To Improve. No revelaremos su informaci\u00f3n personal a terceros a menos que usted haya consentido tal divulgaci\u00f3n o cuando la ley nos exija hacerlo. En caso de incumplir nuestros t\u00e9rminos y condiciones o t\u00e9rminos de uso o si tenemos el deber de revelar o compartir sus datos personales con el fin de cumplir con cualquier obligaci\u00f3n legal, podremos revelar su informaci\u00f3n a una autoridad relevante.<\/p>\n\n\n\n<p><strong>COOKIES<\/strong><\/p>\n\n\n\n<p>Las cookies son peque\u00f1os archivos de datos que un sitio web puede guardar en su computadora o dispositivo port\u00e1til que, generalmente, incluye un identificador \u00fanico an\u00f3nimo. Nuestros sitios web y los de nuestros productos pueden utilizar cookies para la autenticaci\u00f3n de usuarios, el seguimiento de sus preferencias, campa\u00f1as promocionales, el seguimiento de nuestro tama\u00f1o de audiencia, los patrones de tr\u00e1fico y en algunos otros casos. Podemos incluir peque\u00f1as im\u00e1genes gr\u00e1ficas en nuestros mensajes de correo electr\u00f3nico y boletines para determinar si los mensajes fueron abiertos y los enlaces fueron vistos. Los anunciantes de terceros tambi\u00e9n pueden crear y acceder a cookies, las cuales estar\u00e1n sujetas a sus pol\u00edticas de privacidad. No aceptamos responsabilidad alguna por el uso de las cookies de terceros. Si no desea que las cookies se coloquen en su PC o dispositivo port\u00e1til, pueden desactivarse en su navegador web. La opci\u00f3n para hacerlo normalmente se encuentra en la secci\u00f3n \u00abconfiguraci\u00f3n de seguridad\u00bb de su navegador. Tenga en cuenta que la desactivaci\u00f3n permanente de las cookies en su navegador puede dificultar el uso de nuestros sitios web, as\u00ed como de otros sitios web y servicios interactivos.<\/p>\n\n\n\n<p><strong>SEGURIDAD<\/strong><\/p>\n\n\n\n<p>Toda la seguridad de nuestros sitios web se trata con seriedad. Cuando sea aplicable, emprendemos pasos de seguridad, incluyendo el uso de la tecnolog\u00eda SSL, en nuestros sistemas back-end que almacenan informaci\u00f3n de la cuenta del cliente y protegen las transmisiones de datos. Sin embargo, esto no garantiza que dichas transmisiones de datos no puedan ser interceptadas, alteradas o eliminadas debido a cortafuegos o fallos del software de seguridad. Si tiene alguna duda sobre seguridad, env\u00ede un correo electr\u00f3nico a nuestro equipo de Servicio al Cliente a info@drivetoimprove.com.<\/p>\n\n\n\n<p><strong>CAMBIOS EN LA POL\u00cdTICA<\/strong><\/p>\n\n\n\n<p>Los cambios en esta pol\u00edtica se publicar\u00e1n en nuestros sitios web. Se recomienda que revise nuestros sitios web regularmente para ver nuestra pol\u00edtica de privacidad m\u00e1s reciente.<\/p>\n","protected":false},"excerpt":{"rendered":"<p>GENERAL Su privacidad es importante para nosotros. Esta pol\u00edtica de privacidad tiene por objeto darle confianza en la privacidad y seguridad de la informaci\u00f3n personal que obtenemos de usted, ya sea que utilice los productos de Drive To Improve o simplemente visite nuestros sitios web. Sin embargo, tenga en cuenta que no somos responsables de&#8230; <a class=\"excerpt-read-more\" href=\"https:\/\/www.drivetoimprove.com\/es\/politica-de-privacidad\/\" title=\"Read Pol\u00edtica de Privacidad\">Leer m\u00e1s &raquo;<\/a><\/p>\n","protected":false},"author":1,"featured_media":0,"parent":0,"menu_order":0,"comment_status":"closed","ping_status":"closed","template":"","meta":{"footnotes":""},"acf":[],"yoast_head":"<!-- This site is optimized with the Yoast SEO plugin v21.3 - https:\/\/yoast.com\/wordpress\/plugins\/seo\/ -->\n<title>Pol\u00edtica de Privacidad - DriveToImprove<\/title>\n<meta name=\"robots\" content=\"index, follow, max-snippet:-1, max-image-preview:large, max-video-preview:-1\" \/>\n<link rel=\"canonical\" href=\"https:\/\/www.drivetoimprove.com\/es\/politica-de-privacidad\/\" \/>\n<meta property=\"og:locale\" content=\"es_ES\" \/>\n<meta property=\"og:type\" content=\"article\" \/>\n<meta property=\"og:title\" content=\"Pol\u00edtica de Privacidad - DriveToImprove\" \/>\n<meta property=\"og:description\" content=\"GENERAL Su privacidad es importante para nosotros. Esta pol\u00edtica de privacidad tiene por objeto darle confianza en la privacidad y seguridad de la informaci\u00f3n personal que obtenemos de usted, ya sea que utilice los productos de Drive To Improve o simplemente visite nuestros sitios web. Sin embargo, tenga en cuenta que no somos responsables de... Leer m\u00e1s &raquo;\" \/>\n<meta property=\"og:url\" content=\"https:\/\/www.drivetoimprove.com\/es\/politica-de-privacidad\/\" \/>\n<meta property=\"og:site_name\" content=\"DriveToImprove\" \/>\n<meta property=\"article:modified_time\" content=\"2023-09-05T11:23:43+00:00\" \/>\n<meta name=\"twitter:card\" content=\"summary_large_image\" \/>\n<meta name=\"twitter:label1\" content=\"Tiempo de lectura\" \/>\n\t<meta name=\"twitter:data1\" content=\"4 minutos\" \/>\n<script type=\"application\/ld+json\" class=\"yoast-schema-graph\">{\"@context\":\"https:\/\/schema.org\",\"@graph\":[{\"@type\":\"WebPage\",\"@id\":\"https:\/\/www.drivetoimprove.com\/es\/politica-de-privacidad\/\",\"url\":\"https:\/\/www.drivetoimprove.com\/es\/politica-de-privacidad\/\",\"name\":\"Pol\u00edtica de Privacidad - DriveToImprove\",\"isPartOf\":{\"@id\":\"https:\/\/www.drivetoimprove.com\/es\/#website\"},\"datePublished\":\"2023-05-19T08:39:43+00:00\",\"dateModified\":\"2023-09-05T11:23:43+00:00\",\"breadcrumb\":{\"@id\":\"https:\/\/www.drivetoimprove.com\/es\/politica-de-privacidad\/#breadcrumb\"},\"inLanguage\":\"es\",\"potentialAction\":[{\"@type\":\"ReadAction\",\"target\":[\"https:\/\/www.drivetoimprove.com\/es\/politica-de-privacidad\/\"]}]},{\"@type\":\"BreadcrumbList\",\"@id\":\"https:\/\/www.drivetoimprove.com\/es\/politica-de-privacidad\/#breadcrumb\",\"itemListElement\":[{\"@type\":\"ListItem\",\"position\":1,\"name\":\"Home\",\"item\":\"https:\/\/www.drivetoimprove.com\/es\/home\/\"},{\"@type\":\"ListItem\",\"position\":2,\"name\":\"Pol\u00edtica de Privacidad\"}]},{\"@type\":\"WebSite\",\"@id\":\"https:\/\/www.drivetoimprove.com\/es\/#website\",\"url\":\"https:\/\/www.drivetoimprove.com\/es\/\",\"name\":\"DriveToImprove\",\"description\":\"\",\"potentialAction\":[{\"@type\":\"SearchAction\",\"target\":{\"@type\":\"EntryPoint\",\"urlTemplate\":\"https:\/\/www.drivetoimprove.com\/es\/?s={search_term_string}\"},\"query-input\":\"required name=search_term_string\"}],\"inLanguage\":\"es\"}]}<\/script>\n<!-- \/ Yoast SEO plugin. -->","yoast_head_json":{"title":"Pol\u00edtica de Privacidad - DriveToImprove","robots":{"index":"index","follow":"follow","max-snippet":"max-snippet:-1","max-image-preview":"max-image-preview:large","max-video-preview":"max-video-preview:-1"},"canonical":"https:\/\/www.drivetoimprove.com\/es\/politica-de-privacidad\/","og_locale":"es_ES","og_type":"article","og_title":"Pol\u00edtica de Privacidad - DriveToImprove","og_description":"GENERAL Su privacidad es importante para nosotros. Esta pol\u00edtica de privacidad tiene por objeto darle confianza en la privacidad y seguridad de la informaci\u00f3n personal que obtenemos de usted, ya sea que utilice los productos de Drive To Improve o simplemente visite nuestros sitios web. Sin embargo, tenga en cuenta que no somos responsables de... Leer m\u00e1s &raquo;","og_url":"https:\/\/www.drivetoimprove.com\/es\/politica-de-privacidad\/","og_site_name":"DriveToImprove","article_modified_time":"2023-09-05T11:23:43+00:00","twitter_card":"summary_large_image","twitter_misc":{"Tiempo de lectura":"4 minutos"},"schema":{"@context":"https:\/\/schema.org","@graph":[{"@type":"WebPage","@id":"https:\/\/www.drivetoimprove.com\/es\/politica-de-privacidad\/","url":"https:\/\/www.drivetoimprove.com\/es\/politica-de-privacidad\/","name":"Pol\u00edtica de Privacidad - DriveToImprove","isPartOf":{"@id":"https:\/\/www.drivetoimprove.com\/es\/#website"},"datePublished":"2023-05-19T08:39:43+00:00","dateModified":"2023-09-05T11:23:43+00:00","breadcrumb":{"@id":"https:\/\/www.drivetoimprove.com\/es\/politica-de-privacidad\/#breadcrumb"},"inLanguage":"es","potentialAction":[{"@type":"ReadAction","target":["https:\/\/www.drivetoimprove.com\/es\/politica-de-privacidad\/"]}]},{"@type":"BreadcrumbList","@id":"https:\/\/www.drivetoimprove.com\/es\/politica-de-privacidad\/#breadcrumb","itemListElement":[{"@type":"ListItem","position":1,"name":"Home","item":"https:\/\/www.drivetoimprove.com\/es\/home\/"},{"@type":"ListItem","position":2,"name":"Pol\u00edtica de Privacidad"}]},{"@type":"WebSite","@id":"https:\/\/www.drivetoimprove.com\/es\/#website","url":"https:\/\/www.drivetoimprove.com\/es\/","name":"DriveToImprove","description":"","potentialAction":[{"@type":"SearchAction","target":{"@type":"EntryPoint","urlTemplate":"https:\/\/www.drivetoimprove.com\/es\/?s={search_term_string}"},"query-input":"required name=search_term_string"}],"inLanguage":"es"}]}},"_links":{"self":[{"href":"https:\/\/www.drivetoimprove.com\/es\/wp-json\/wp\/v2\/pages\/848"}],"collection":[{"href":"https:\/\/www.drivetoimprove.com\/es\/wp-json\/wp\/v2\/pages"}],"about":[{"href":"https:\/\/www.drivetoimprove.com\/es\/wp-json\/wp\/v2\/types\/page"}],"author":[{"embeddable":true,"href":"https:\/\/www.drivetoimprove.com\/es\/wp-json\/wp\/v2\/users\/1"}],"replies":[{"embeddable":true,"href":"https:\/\/www.drivetoimprove.com\/es\/wp-json\/wp\/v2\/comments?post=848"}],"version-history":[{"count":4,"href":"https:\/\/www.drivetoimprove.com\/es\/wp-json\/wp\/v2\/pages\/848\/revisions"}],"predecessor-version":[{"id":1667,"href":"https:\/\/www.drivetoimprove.com\/es\/wp-json\/wp\/v2\/pages\/848\/revisions\/1667"}],"wp:attachment":[{"href":"https:\/\/www.drivetoimprove.com\/es\/wp-json\/wp\/v2\/media?parent=848"}],"curies":[{"name":"wp","href":"https:\/\/api.w.org\/{rel}","templated":true}]}}