{"id":852,"date":"2023-05-21T21:51:57","date_gmt":"2023-05-21T21:51:57","guid":{"rendered":"https:\/\/www.drivetoimprove.com\/terminos\/"},"modified":"2023-09-05T11:25:08","modified_gmt":"2023-09-05T11:25:08","slug":"terminos","status":"publish","type":"page","link":"https:\/\/www.drivetoimprove.com\/es\/terminos\/","title":{"rendered":"T\u00e9rminos del servicio"},"content":{"rendered":"\n<p><strong>General<\/strong><\/p>\n\n\n\n<p>\u00daltima actualizaci\u00f3n: Mar 2017<\/p>\n\n\n\n<p>Por favor, lea estos T\u00e9rminos del servicio (\u00abT\u00e9rminos\u00bb, \u00abT\u00e9rminos del Servicio\u00bb) antes de usar el sitio web de Drive To Improve o p\u00e1ginas de aterrizaje \/ promocional o aplicaciones (\u00abServicio\u00bb) operado por \u00abDrive To Improve S.L.\u00bb (\u00abNosotros\u00bb, \u00abnosotros\u00bb, o \u00abnuestro\u00bb).<\/p>\n\n\n\n<p>El acceso y uso del Servicio est\u00e1 condicionado a su aceptaci\u00f3n y cumplimiento de estos T\u00e9rminos. Estos T\u00e9rminos se aplican a todos los visitantes, usuarios y otras personas que accedan o utilicen el Servicio. Al acceder o utilizar el Servicio, usted acepta quedar sujeto a estos T\u00e9rminos. Si no est\u00e1 de acuerdo con alguna parte de los T\u00e9rminos, entonces no podr\u00e1 acceder al Servicio.<\/p>\n\n\n\n<p><strong>Finalizaci\u00f3n<\/strong><\/p>\n\n\n\n<p>Podemos rescindir o suspender el acceso a nuestro Servicio de inmediato, sin previo aviso o responsabilidad, por cualquier raz\u00f3n, incluyendo sin limitaci\u00f3n si usted infringe los T\u00e9rminos. Todas las disposiciones de los T\u00e9rminos que por su naturaleza deben sobrevivir a la rescisi\u00f3n sobrevivir\u00e1n a la finalizaci\u00f3n, incluyendo, sin limitaci\u00f3n, las disposiciones de propiedad, renuncias de garant\u00eda, indemnizaci\u00f3n y limitaciones de responsabilidad.<\/p>\n\n\n\n<p><strong>Enlaces a otros sitios web<\/strong><\/p>\n\n\n\n<p>Nuestro Servicio puede contener enlaces a sitios web o servicios de terceros que no son propiedad ni est\u00e1n controlados por Drive To Improve.<\/p>\n\n\n\n<p>Drive To Improve no controla y no asume responsabilidad alguna por el contenido, las pol\u00edticas de privacidad o las pr\u00e1cticas de los sitios web o servicios de terceros. Adem\u00e1s, usted reconoce y acepta que Drive To Improve no ser\u00e1 responsable, directa o indirectamente, por cualquier da\u00f1o o p\u00e9rdida causada o supuestamente causada por o relacionada con el uso o dependencia de tales contenidos, bienes o servicios disponibles en o a trav\u00e9s de dichos sitios web o servicios.<\/p>\n\n\n\n<p><strong>Cambios<\/strong><\/p>\n\n\n\n<p>Nos reservamos el derecho, a nuestra discreci\u00f3n, de modificar o reemplazar estos T\u00e9rminos en cualquier momento. Si una revisi\u00f3n es importante, trataremos de proporcionar un aviso con un m\u00ednimo de 30 d\u00edas de antelaci\u00f3n a la entrada en vigor de los nuevos T\u00e9rminos. Qu\u00e9 se considera un cambio importante se determinar\u00e1 a nuestra discreci\u00f3n.<\/p>\n\n\n\n<p><strong>Cont\u00e1ctenos<\/strong><\/p>\n\n\n\n<p>Si tiene alguna pregunta sobre estos T\u00e9rminos, p\u00f3ngase en contacto con nosotros.<\/p>\n","protected":false},"excerpt":{"rendered":"<p>General \u00daltima actualizaci\u00f3n: Mar 2017 Por favor, lea estos T\u00e9rminos del servicio (\u00abT\u00e9rminos\u00bb, \u00abT\u00e9rminos del Servicio\u00bb) antes de usar el sitio web de Drive To Improve o p\u00e1ginas de aterrizaje \/ promocional o aplicaciones (\u00abServicio\u00bb) operado por \u00abDrive To Improve S.L.\u00bb (\u00abNosotros\u00bb, \u00abnosotros\u00bb, o \u00abnuestro\u00bb). El acceso y uso del Servicio est\u00e1 condicionado a su&#8230; <a class=\"excerpt-read-more\" href=\"https:\/\/www.drivetoimprove.com\/es\/terminos\/\" title=\"Read T\u00e9rminos del servicio\">Leer m\u00e1s &raquo;<\/a><\/p>\n","protected":false},"author":1,"featured_media":0,"parent":0,"menu_order":0,"comment_status":"closed","ping_status":"closed","template":"","meta":{"footnotes":""},"acf":[],"yoast_head":"<!-- This site is optimized with the Yoast SEO plugin v21.3 - https:\/\/yoast.com\/wordpress\/plugins\/seo\/ -->\n<title>T\u00e9rminos del servicio - DriveToImprove<\/title>\n<meta name=\"robots\" content=\"index, follow, max-snippet:-1, max-image-preview:large, max-video-preview:-1\" \/>\n<link rel=\"canonical\" href=\"https:\/\/www.drivetoimprove.com\/es\/terminos\/\" \/>\n<meta property=\"og:locale\" content=\"es_ES\" \/>\n<meta property=\"og:type\" content=\"article\" \/>\n<meta property=\"og:title\" content=\"T\u00e9rminos del servicio - DriveToImprove\" \/>\n<meta property=\"og:description\" content=\"General \u00daltima actualizaci\u00f3n: Mar 2017 Por favor, lea estos T\u00e9rminos del servicio (\u00abT\u00e9rminos\u00bb, \u00abT\u00e9rminos del Servicio\u00bb) antes de usar el sitio web de Drive To Improve o p\u00e1ginas de aterrizaje \/ promocional o aplicaciones (\u00abServicio\u00bb) operado por \u00abDrive To Improve S.L.\u00bb (\u00abNosotros\u00bb, \u00abnosotros\u00bb, o \u00abnuestro\u00bb). El acceso y uso del Servicio est\u00e1 condicionado a su... Leer m\u00e1s &raquo;\" \/>\n<meta property=\"og:url\" content=\"https:\/\/www.drivetoimprove.com\/es\/terminos\/\" \/>\n<meta property=\"og:site_name\" content=\"DriveToImprove\" \/>\n<meta property=\"article:modified_time\" content=\"2023-09-05T11:25:08+00:00\" \/>\n<meta name=\"twitter:card\" content=\"summary_large_image\" \/>\n<meta name=\"twitter:label1\" content=\"Tiempo de lectura\" \/>\n\t<meta name=\"twitter:data1\" content=\"2 minutos\" \/>\n<script type=\"application\/ld+json\" class=\"yoast-schema-graph\">{\"@context\":\"https:\/\/schema.org\",\"@graph\":[{\"@type\":\"WebPage\",\"@id\":\"https:\/\/www.drivetoimprove.com\/es\/terminos\/\",\"url\":\"https:\/\/www.drivetoimprove.com\/es\/terminos\/\",\"name\":\"T\u00e9rminos del servicio - DriveToImprove\",\"isPartOf\":{\"@id\":\"https:\/\/www.drivetoimprove.com\/es\/#website\"},\"datePublished\":\"2023-05-21T21:51:57+00:00\",\"dateModified\":\"2023-09-05T11:25:08+00:00\",\"breadcrumb\":{\"@id\":\"https:\/\/www.drivetoimprove.com\/es\/terminos\/#breadcrumb\"},\"inLanguage\":\"es\",\"potentialAction\":[{\"@type\":\"ReadAction\",\"target\":[\"https:\/\/www.drivetoimprove.com\/es\/terminos\/\"]}]},{\"@type\":\"BreadcrumbList\",\"@id\":\"https:\/\/www.drivetoimprove.com\/es\/terminos\/#breadcrumb\",\"itemListElement\":[{\"@type\":\"ListItem\",\"position\":1,\"name\":\"Home\",\"item\":\"https:\/\/www.drivetoimprove.com\/es\/home\/\"},{\"@type\":\"ListItem\",\"position\":2,\"name\":\"T\u00e9rminos del servicio\"}]},{\"@type\":\"WebSite\",\"@id\":\"https:\/\/www.drivetoimprove.com\/es\/#website\",\"url\":\"https:\/\/www.drivetoimprove.com\/es\/\",\"name\":\"DriveToImprove\",\"description\":\"\",\"potentialAction\":[{\"@type\":\"SearchAction\",\"target\":{\"@type\":\"EntryPoint\",\"urlTemplate\":\"https:\/\/www.drivetoimprove.com\/es\/?s={search_term_string}\"},\"query-input\":\"required name=search_term_string\"}],\"inLanguage\":\"es\"}]}<\/script>\n<!-- \/ Yoast SEO plugin. -->","yoast_head_json":{"title":"T\u00e9rminos del servicio - DriveToImprove","robots":{"index":"index","follow":"follow","max-snippet":"max-snippet:-1","max-image-preview":"max-image-preview:large","max-video-preview":"max-video-preview:-1"},"canonical":"https:\/\/www.drivetoimprove.com\/es\/terminos\/","og_locale":"es_ES","og_type":"article","og_title":"T\u00e9rminos del servicio - DriveToImprove","og_description":"General \u00daltima actualizaci\u00f3n: Mar 2017 Por favor, lea estos T\u00e9rminos del servicio (\u00abT\u00e9rminos\u00bb, \u00abT\u00e9rminos del Servicio\u00bb) antes de usar el sitio web de Drive To Improve o p\u00e1ginas de aterrizaje \/ promocional o aplicaciones (\u00abServicio\u00bb) operado por \u00abDrive To Improve S.L.\u00bb (\u00abNosotros\u00bb, \u00abnosotros\u00bb, o \u00abnuestro\u00bb). El acceso y uso del Servicio est\u00e1 condicionado a su... Leer m\u00e1s &raquo;","og_url":"https:\/\/www.drivetoimprove.com\/es\/terminos\/","og_site_name":"DriveToImprove","article_modified_time":"2023-09-05T11:25:08+00:00","twitter_card":"summary_large_image","twitter_misc":{"Tiempo de lectura":"2 minutos"},"schema":{"@context":"https:\/\/schema.org","@graph":[{"@type":"WebPage","@id":"https:\/\/www.drivetoimprove.com\/es\/terminos\/","url":"https:\/\/www.drivetoimprove.com\/es\/terminos\/","name":"T\u00e9rminos del servicio - DriveToImprove","isPartOf":{"@id":"https:\/\/www.drivetoimprove.com\/es\/#website"},"datePublished":"2023-05-21T21:51:57+00:00","dateModified":"2023-09-05T11:25:08+00:00","breadcrumb":{"@id":"https:\/\/www.drivetoimprove.com\/es\/terminos\/#breadcrumb"},"inLanguage":"es","potentialAction":[{"@type":"ReadAction","target":["https:\/\/www.drivetoimprove.com\/es\/terminos\/"]}]},{"@type":"BreadcrumbList","@id":"https:\/\/www.drivetoimprove.com\/es\/terminos\/#breadcrumb","itemListElement":[{"@type":"ListItem","position":1,"name":"Home","item":"https:\/\/www.drivetoimprove.com\/es\/home\/"},{"@type":"ListItem","position":2,"name":"T\u00e9rminos del servicio"}]},{"@type":"WebSite","@id":"https:\/\/www.drivetoimprove.com\/es\/#website","url":"https:\/\/www.drivetoimprove.com\/es\/","name":"DriveToImprove","description":"","potentialAction":[{"@type":"SearchAction","target":{"@type":"EntryPoint","urlTemplate":"https:\/\/www.drivetoimprove.com\/es\/?s={search_term_string}"},"query-input":"required name=search_term_string"}],"inLanguage":"es"}]}},"_links":{"self":[{"href":"https:\/\/www.drivetoimprove.com\/es\/wp-json\/wp\/v2\/pages\/852"}],"collection":[{"href":"https:\/\/www.drivetoimprove.com\/es\/wp-json\/wp\/v2\/pages"}],"about":[{"href":"https:\/\/www.drivetoimprove.com\/es\/wp-json\/wp\/v2\/types\/page"}],"author":[{"embeddable":true,"href":"https:\/\/www.drivetoimprove.com\/es\/wp-json\/wp\/v2\/users\/1"}],"replies":[{"embeddable":true,"href":"https:\/\/www.drivetoimprove.com\/es\/wp-json\/wp\/v2\/comments?post=852"}],"version-history":[{"count":1,"href":"https:\/\/www.drivetoimprove.com\/es\/wp-json\/wp\/v2\/pages\/852\/revisions"}],"predecessor-version":[{"id":1668,"href":"https:\/\/www.drivetoimprove.com\/es\/wp-json\/wp\/v2\/pages\/852\/revisions\/1668"}],"wp:attachment":[{"href":"https:\/\/www.drivetoimprove.com\/es\/wp-json\/wp\/v2\/media?parent=852"}],"curies":[{"name":"wp","href":"https:\/\/api.w.org\/{rel}","templated":true}]}}